{"id":26203,"date":"2022-06-06T09:31:52","date_gmt":"2022-06-06T07:31:52","guid":{"rendered":"https:\/\/www.dominiquetardy.com\/?page_id=26203"},"modified":"2023-01-04T21:49:15","modified_gmt":"2023-01-04T20:49:15","slug":"session-costs","status":"publish","type":"page","link":"https:\/\/www.dominiquetardy.com\/fr\/cout-seances\/","title":{"rendered":"Co\u00fbt des s\u00e9ances"},"content":{"rendered":"<div data-elementor-type=\"wp-page\" data-elementor-id=\"26203\" class=\"elementor elementor-26203\">\n\t\t\t\t\t\t<section class=\"elementor-section elementor-top-section elementor-element elementor-element-628b7020 scheme_default elementor-section-stretched elementor-section-boxed elementor-section-height-default elementor-section-height-default sc_fly_static\" data-id=\"628b7020\" data-element_type=\"section\" data-e-type=\"section\" data-settings=\"{&quot;background_background&quot;:&quot;classic&quot;,&quot;stretch_section&quot;:&quot;section-stretched&quot;}\">\n\t\t\t\t\t\t<div class=\"elementor-container elementor-column-gap-extended\">\n\t\t\t\t\t<div class=\"elementor-column elementor-col-100 elementor-top-column elementor-element elementor-element-15f309c0 sc_content_align_inherit sc_layouts_column_icons_position_left sc_fly_static\" data-id=\"15f309c0\" data-element_type=\"column\" data-e-type=\"column\">\n\t\t\t<div class=\"elementor-widget-wrap elementor-element-populated\">\n\t\t\t\t\t\t<div class=\"elementor-element elementor-element-6b231687 sc_height_huge sc_fly_static elementor-widget elementor-widget-spacer\" data-id=\"6b231687\" data-element_type=\"widget\" data-e-type=\"widget\" data-widget_type=\"spacer.default\">\n\t\t\t\t<div class=\"elementor-widget-container\">\n\t\t\t\t\t\t\t<div class=\"elementor-spacer\">\n\t\t\t<div class=\"elementor-spacer-inner\"><\/div>\n\t\t<\/div>\n\t\t\t\t\t\t<\/div>\n\t\t\t\t<\/div>\n\t\t\t\t<section class=\"elementor-section elementor-inner-section elementor-element elementor-element-78128fe3 elementor-section-boxed elementor-section-height-default elementor-section-height-default sc_fly_static\" data-id=\"78128fe3\" data-element_type=\"section\" data-e-type=\"section\">\n\t\t\t\t\t\t<div class=\"elementor-container elementor-column-gap-no\">\n\t\t\t\t\t<div class=\"elementor-column elementor-col-16 elementor-inner-column elementor-element elementor-element-1a644ae5 sc_content_align_inherit sc_layouts_column_icons_position_left sc_fly_static\" data-id=\"1a644ae5\" data-element_type=\"column\" data-e-type=\"column\">\n\t\t\t<div class=\"elementor-widget-wrap\">\n\t\t\t\t\t\t\t<\/div>\n\t\t<\/div>\n\t\t\t\t<div class=\"elementor-column elementor-col-66 elementor-inner-column elementor-element elementor-element-41a9630f sc_content_align_inherit sc_layouts_column_icons_position_left sc_fly_static\" data-id=\"41a9630f\" data-element_type=\"column\" data-e-type=\"column\">\n\t\t\t<div class=\"elementor-widget-wrap elementor-element-populated\">\n\t\t\t\t\t\t<div class=\"elementor-element elementor-element-33d66400 sc_fly_static elementor-widget elementor-widget-trx_sc_title\" data-id=\"33d66400\" data-element_type=\"widget\" data-e-type=\"widget\" data-widget_type=\"trx_sc_title.default\">\n\t\t\t\t<div class=\"elementor-widget-container\">\n\t\t\t\t\t<div\t\tclass=\"sc_title sc_title_decoration\" ><h3 class=\"sc_item_title sc_title_title sc_align_center sc_item_title_style_decoration sc_item_title_tag\"\n\t\t\t><span class=\"sc_item_title_text\">Co\u00fbt des s\u00e9ances<\/span><\/h3><\/div>\t\t\t\t<\/div>\n\t\t\t\t<\/div>\n\t\t\t\t\t<\/div>\n\t\t<\/div>\n\t\t\t\t<div class=\"elementor-column elementor-col-16 elementor-inner-column elementor-element elementor-element-44f5a504 sc_content_align_inherit sc_layouts_column_icons_position_left sc_fly_static\" data-id=\"44f5a504\" data-element_type=\"column\" data-e-type=\"column\">\n\t\t\t<div class=\"elementor-widget-wrap\">\n\t\t\t\t\t\t\t<\/div>\n\t\t<\/div>\n\t\t\t\t\t<\/div>\n\t\t<\/section>\n\t\t\t\t<div class=\"elementor-element elementor-element-3789f9ec sc_height_small sc_fly_static elementor-widget elementor-widget-spacer\" data-id=\"3789f9ec\" data-element_type=\"widget\" data-e-type=\"widget\" data-widget_type=\"spacer.default\">\n\t\t\t\t<div class=\"elementor-widget-container\">\n\t\t\t\t\t\t\t<div class=\"elementor-spacer\">\n\t\t\t<div class=\"elementor-spacer-inner\"><\/div>\n\t\t<\/div>\n\t\t\t\t\t\t<\/div>\n\t\t\t\t<\/div>\n\t\t\t\t<div class=\"elementor-element elementor-element-77b6a13e sc_fly_static elementor-widget elementor-widget-trx_sc_price\" data-id=\"77b6a13e\" data-element_type=\"widget\" data-e-type=\"widget\" data-widget_type=\"trx_sc_price.default\">\n\t\t\t\t<div class=\"elementor-widget-container\">\n\t\t\t\t\t<div  \r\n\tclass=\"sc_price sc_price_focus\"><div class=\"sc_price_columns_wrap sc_item_columns trx_addons_columns_wrap columns_padding_bottom columns_in_single_row\"><div class=\"trx_addons_column-1_3\"><div class=\"sc_price_item sc_price_item_focus\">\r\n\t\t\t<div class=\"sc_price_item_inner\"><div class=\"sc_price_item_info_top\"><h3 class=\"sc_price_item_title\"><span>\u00a0 <\/span><\/h3><h6 class=\"sc_price_item_subtitle\"><span>Reconnective Healing en\u00a0pr\u00e9sentiel<\/span><\/h6><\/div><div class=\"sc_price_item_image\"><img fetchpriority=\"high\" decoding=\"async\" src=\"\/\/www.dominiquetardy.com\/wp-content\/uploads\/2022\/06\/icon1-05.png\" alt=\"Icon\" width=\"803\" height=\"211\"><\/div><div class=\"sc_price_item_info\"><div class=\"sc_price_item_price\"><span class=\"sc_price_item_price_before\">\u20ac<\/span><span class=\"sc_price_item_price_value\">60<\/span><span class=\"sc_price_item_price_after\">la s\u00e9ance<\/span><\/div><div class=\"sc_price_item_details\"><ul><li>S\u00e9ance d'environ 30 mins<\/li><li>1 \u00e0 3 s\u00e9ances conseill\u00e9es<\/li><li>Paiement en ligne ou sur place<\/li><\/ul><\/div><a href=\"https:\/\/www.dominiquetardy.com\/fr\/rdv\/\" class=\"sc_price_item_link sc_button sc_button_size_small\">R\u00e9server<\/a><\/div><!-- \/.sc_price_item_info --><\/div><!-- \/.sc_price_item_inner --><\/div><\/div><div class=\"trx_addons_column-1_3\"><div class=\"sc_price_item sc_price_item_focus\">\r\n\t\t\t<div class=\"sc_price_item_inner\"><div class=\"sc_price_item_info_top\"><h3 class=\"sc_price_item_title\"><span>\u00a0 <\/span><\/h3><h6 class=\"sc_price_item_subtitle\"><span>Reconnexion Personnelle<\/span><\/h6><\/div><div class=\"sc_price_item_image\"><img decoding=\"async\" src=\"\/\/www.dominiquetardy.com\/wp-content\/uploads\/2022\/06\/IconeRP2.png\" alt=\"Icon\" width=\"803\" height=\"211\"><\/div><div class=\"sc_price_item_info\"><div class=\"sc_price_item_price\"><span class=\"sc_price_item_price_before\">\u20ac<\/span><span class=\"sc_price_item_price_value\">333<\/span><span class=\"sc_price_item_price_after\">pour deux s\u00e9ances<\/span><\/div><div class=\"sc_price_item_details\"><ul><li>Deux s\u00e9ances de 35-40 mins<\/li><li>Une seule fois dans sa vie<\/li><li>Paiement en ligne ou sur place<\/li><\/ul><\/div><a href=\"https:\/\/www.dominiquetardy.com\/fr\/rdv\/\" class=\"sc_price_item_link sc_button sc_button_size_small\">R\u00e9server<\/a><\/div><!-- \/.sc_price_item_info --><\/div><!-- \/.sc_price_item_inner --><\/div><\/div><div class=\"trx_addons_column-1_3\"><div class=\"sc_price_item sc_price_item_focus\">\r\n\t\t\t<div class=\"sc_price_item_inner\"><div class=\"sc_price_item_info_top\"><h3 class=\"sc_price_item_title\"><span>\u00a0 <\/span><\/h3><h6 class=\"sc_price_item_subtitle\"><span>Reconnective Healing<br>\u00c0 distance<\/span><\/h6><\/div><div class=\"sc_price_item_image\"><img decoding=\"async\" src=\"\/\/www.dominiquetardy.com\/wp-content\/uploads\/2022\/06\/Iconedistance2.png\" alt=\"Icon\" width=\"803\" height=\"211\"><\/div><div class=\"sc_price_item_info\"><div class=\"sc_price_item_price\"><span class=\"sc_price_item_price_before\">\u20ac<\/span><span class=\"sc_price_item_price_value\">60<\/span><span class=\"sc_price_item_price_after\">la s\u00e9ance<\/span><\/div><div class=\"sc_price_item_details\"><ul><li>S\u00e9ance d'environ 30 mins<\/li><li>Entretien t\u00e9l. apr\u00e8s la s\u00e9ance<\/li><li>Paiement en ligne uniquement<\/li><\/ul><\/div><a href=\"https:\/\/www.dominiquetardy.com\/fr\/rdv\/\" class=\"sc_price_item_link sc_button sc_button_size_small\">R\u00e9server<\/a><\/div><!-- \/.sc_price_item_info --><\/div><!-- \/.sc_price_item_inner --><\/div><\/div><\/div><\/div><!-- \/.sc_price -->\t\t\t\t<\/div>\n\t\t\t\t<\/div>\n\t\t\t\t<div class=\"elementor-element elementor-element-136e2737 sc_height_huge sc_fly_static elementor-widget elementor-widget-spacer\" data-id=\"136e2737\" data-element_type=\"widget\" data-e-type=\"widget\" data-widget_type=\"spacer.default\">\n\t\t\t\t<div class=\"elementor-widget-container\">\n\t\t\t\t\t\t\t<div class=\"elementor-spacer\">\n\t\t\t<div class=\"elementor-spacer-inner\"><\/div>\n\t\t<\/div>\n\t\t\t\t\t\t<\/div>\n\t\t\t\t<\/div>\n\t\t\t\t\t<\/div>\n\t\t<\/div>\n\t\t\t\t\t<\/div>\n\t\t<\/section>\n\t\t\t\t<\/div>","protected":false},"excerpt":{"rendered":"<p>Session Costs \u00a0 IN-Person Reconnective\u00a0Healing \u20ac60per session Approx. 30 minutes session 1 to 3 sessions recommended Payment online or in-person Book Now \u00a0 Personal Reconnection \u20ac333for two sessions Two sessions&hellip;<\/p>","protected":false},"author":1,"featured_media":0,"parent":0,"menu_order":0,"comment_status":"closed","ping_status":"closed","template":"","meta":{"footnotes":""},"class_list":["post-26203","page","type-page","status-publish","hentry"],"aioseo_notices":[],"_links":{"self":[{"href":"https:\/\/www.dominiquetardy.com\/fr\/wp-json\/wp\/v2\/pages\/26203","targetHints":{"allow":["GET"]}}],"collection":[{"href":"https:\/\/www.dominiquetardy.com\/fr\/wp-json\/wp\/v2\/pages"}],"about":[{"href":"https:\/\/www.dominiquetardy.com\/fr\/wp-json\/wp\/v2\/types\/page"}],"author":[{"embeddable":true,"href":"https:\/\/www.dominiquetardy.com\/fr\/wp-json\/wp\/v2\/users\/1"}],"replies":[{"embeddable":true,"href":"https:\/\/www.dominiquetardy.com\/fr\/wp-json\/wp\/v2\/comments?post=26203"}],"version-history":[{"count":102,"href":"https:\/\/www.dominiquetardy.com\/fr\/wp-json\/wp\/v2\/pages\/26203\/revisions"}],"predecessor-version":[{"id":26849,"href":"https:\/\/www.dominiquetardy.com\/fr\/wp-json\/wp\/v2\/pages\/26203\/revisions\/26849"}],"wp:attachment":[{"href":"https:\/\/www.dominiquetardy.com\/fr\/wp-json\/wp\/v2\/media?parent=26203"}],"curies":[{"name":"wp","href":"https:\/\/api.w.org\/{rel}","templated":true}]}}