{"id":27069,"date":"2023-01-27T22:43:08","date_gmt":"2023-01-27T21:43:08","guid":{"rendered":"https:\/\/www.dominiquetardy.com\/?page_id=27069"},"modified":"2023-09-07T21:35:27","modified_gmt":"2023-09-07T19:35:27","slug":"tc","status":"publish","type":"page","link":"https:\/\/www.dominiquetardy.com\/fr\/cgu\/","title":{"rendered":"Conditions G\u00e9n\u00e9rales"},"content":{"rendered":"<div data-elementor-type=\"wp-page\" data-elementor-id=\"27069\" class=\"elementor elementor-27069\">\n\t\t\t\t\t\t<section class=\"elementor-section elementor-top-section elementor-element elementor-element-a2ec18c elementor-section-boxed elementor-section-height-default elementor-section-height-default sc_fly_static\" data-id=\"a2ec18c\" data-element_type=\"section\" data-e-type=\"section\" data-settings=\"{&quot;background_background&quot;:&quot;classic&quot;}\">\n\t\t\t\t\t\t<div class=\"elementor-container elementor-column-gap-extended\">\n\t\t\t\t\t<div class=\"elementor-column elementor-col-100 elementor-top-column elementor-element elementor-element-e4f67bc sc_content_align_inherit sc_layouts_column_icons_position_left sc_fly_static\" data-id=\"e4f67bc\" data-element_type=\"column\" data-e-type=\"column\">\n\t\t\t<div class=\"elementor-widget-wrap elementor-element-populated\">\n\t\t\t\t\t\t<div class=\"elementor-element elementor-element-fc87c00 sc_fly_static elementor-widget elementor-widget-text-editor\" data-id=\"fc87c00\" data-element_type=\"widget\" data-e-type=\"widget\" data-widget_type=\"text-editor.default\">\n\t\t\t\t<div class=\"elementor-widget-container\">\n\t\t\t\t\t\t\t\t\t<h5><span lang=\"EN-US\">Conditions G\u00e9n\u00e9rales d\u2019Utilisation et de Service<\/span><\/h5><p>En r\u00e9servant une s\u00e9ance, vous comprenez et acceptez ces Conditions G\u00e9n\u00e9rales. <br \/>Il est important qu\u2019en lisant ce document, vous puissiez prendre une d\u00e9cision \u00e9clair\u00e9e afin de conclure un accord clair et valide entre nous.<\/p><p class=\" translation-block\">Les s\u00e9ances de <strong>Reconnective Healing<\/strong> et de <strong>Reconnexion Personnelle<\/strong> que je vous propose en tant que praticien certifi\u00e9, selon l\u2019enseignement de <strong>Eric Pearl<\/strong>, s\u2019ins\u00e8rent dans un cadre respectueux de chacun, dans la bienveillance, le non-jugement et la confidentialit\u00e9, en dehors de tout dogmatisme, cadre religieux ou sectaire.<\/p><p>Ces s\u00e9ances \u00e9nerg\u00e9tiques sont dispens\u00e9es sans diagnostic, sans interpr\u00e9tation, sans prescription ni contact physique.<\/p><h6><b style=\"font-family: inherit; font-style: inherit; letter-spacing: 0px; caret-color: #1d1d1d; color: #1d1d1d;\">R\u00e9servation<br \/><\/b><\/h6><p><span style=\"font-size: 16px; background-color: var(--theme-color-bg_color); color: var(--theme-color-text); letter-spacing: 0px;\">Vous pouvez prendre rendez-vous en ligne ou par t\u00e9l\u00e9phone.<br \/><\/span><span style=\"font-size: 16px; color: var(--theme-color-text); letter-spacing: 0px; background-color: var(--theme-color-bg_color);\">Si vous devez annuler ou reprogrammer votre rendez-vous,\u00a0<\/span>merci de me pr\u00e9venir au moins 48 heures \u00e0 l\u2019avance.<br \/>Vous pouvez \u00e9galement annuler ou reprogrammer votre rendez-vous en ligne sur votre Espace, jusqu\u2019\u00e0 48 heures avant.<\/p><h6><strong>Paiement<br \/><\/strong><\/h6><p>La s\u00e9ance peut \u00eatre r\u00e9gl\u00e9e :<br \/>\u2013 en ligne via PayPal lors de la prise de rendez-vous<br \/>\u2013 sur place lors de la visite : en esp\u00e8ce ou par ch\u00e8que.<br \/>Les s\u00e9ances de Reconnective Healing \u00e0 distance doivent \u00eatre r\u00e9gl\u00e9es uniquement en ligne via PayPal \u00e0 l\u2019issue de la r\u00e9servation.<\/p><h6><strong>Remboursement<br \/><\/strong><\/h6><p>Si vous annulez un rendez-vous d\u00e9j\u00e0 r\u00e9gl\u00e9 dans le d\u00e9lai autoris\u00e9 (jusqu\u2019\u00e0 48 heures avant la s\u00e9ance), je vous rembourserai automatiquement le montant pay\u00e9.<br \/>En ce qui concerne le remboursement d'une r\u00e9servation effectu\u00e9e avec PayPal, les frais de commission de PayPal seront d\u00e9duits du montant \u00e0 rembourser, conform\u00e9ment au taux de commission en vigueur au moment de la r\u00e9servation.<\/p><h6><strong>DONN\u00c9ES PERSONNELLES<br \/><\/strong><\/h6><div><span lang=\"EN-US\">Les donn\u00e9es transmises lors de la prise de rendez-vous et dans le formulaire contact (nom, pr\u00e9nom, adresse mail, t\u00e9l\u00e9phone) sont conserv\u00e9es, uniquement \u00e0 titre professionnel, pour communiquer des informations relatives \u00e0 la Reconnexion et \u00e0 nos services (demande d\u2019information, gestion des rendez-vous\u2026). <br \/>Elles ne seront en aucun cas c\u00e9d\u00e9es \u00e0 des tiers et sont trait\u00e9es dans le strict respect de la vie priv\u00e9e, conform\u00e9ment \u00e0 la loi <\/span><span lang=\"EN-US\">(<\/span><a href=\"https:\/\/ec.europa.eu\/info\/law\/law-topic\/data-protection\/reform_fr\" target=\"_blank\" rel=\"noopener\"><span lang=\"EN-US\">RGPD<\/span><\/a><span lang=\"EN-US\"><span lang=\"EN-US\">).<br \/><\/span><\/span>Vous disposez d'un droit d'acc\u00e8s, de rectification et de suppression des donn\u00e9es vous concernant en m\u2019adressant un mail \u00e0\u00a0<a href=\"mailto:info@dominiquetardy.com\" target=\"_blank\" rel=\"noopener\">info@dominiquetardy.com<\/a>.<\/div><div><h6><strong>POLITIQUE DE CONFIDENTIALIT\u00c9<br \/><\/strong><\/h6><p>L'encadrement juridique de la collecte et de l\u2019\u00e9change d'informations personnelles durant les s\u00e9ances est d\u00e9fini par la <a href=\"https:\/\/www.dominiquetardy.com\/fr\/politique-confidentialite\/\" target=\"_blank\" rel=\"noopener\">Politique de Confidentialit\u00e9 <\/a>consultable <a href=\"https:\/\/www.dominiquetardy.com\/fr\/politique-confidentialite\/\" target=\"_blank\" rel=\"noopener\">par ce lien<\/a>.<\/p><h6><strong>COOKIES<br \/><\/strong><\/h6><p>Ce site utilise des <em>cookies fonctionnels et statistiques<\/em> utiles \u00e0 la navigation et \u00e0 son bon fonctionnement. La <a href=\"https:\/\/www.dominiquetardy.com\/fr\/politique-cookies\/\" target=\"_blank\" rel=\"noopener\">Politique de Cookies<\/a> est disponible <a href=\"https:\/\/www.dominiquetardy.com\/fr\/politique-cookies\/\" target=\"_blank\" rel=\"noopener\">par ce lien<\/a>.<\/p><\/div><h6><strong>Mentions L\u00e9gales <\/strong><\/h6><p>Les Mentions L\u00e9gales consultables <a href=\"https:\/\/www.dominiquetardy.com\/fr\/mentions-legales\/\" target=\"_blank\" rel=\"noopener\">par ce lien<\/a> font partie int\u00e9grante des pr\u00e9sentes <em>Conditions G\u00e9n\u00e9rales<\/em>.<\/p><h6>Au plaisir de vous accueillir tr\u00e8s prochainement !<\/h6>\t\t\t\t\t\t\t\t<\/div>\n\t\t\t\t<\/div>\n\t\t\t\t\t<\/div>\n\t\t<\/div>\n\t\t\t\t\t<\/div>\n\t\t<\/section>\n\t\t\t\t<section class=\"elementor-section elementor-top-section elementor-element elementor-element-1ce0fbce elementor-section-boxed elementor-section-height-default elementor-section-height-default sc_fly_static\" data-id=\"1ce0fbce\" data-element_type=\"section\" data-e-type=\"section\">\n\t\t\t\t\t\t<div class=\"elementor-container elementor-column-gap-extended\">\n\t\t\t\t\t<div class=\"elementor-column elementor-col-100 elementor-top-column elementor-element elementor-element-71737124 sc_content_align_inherit sc_layouts_column_icons_position_left sc_fly_static\" data-id=\"71737124\" data-element_type=\"column\" data-e-type=\"column\">\n\t\t\t<div class=\"elementor-widget-wrap elementor-element-populated\">\n\t\t\t\t\t\t<div class=\"elementor-element elementor-element-653057c1 sc_fly_static elementor-widget elementor-widget-spacer\" data-id=\"653057c1\" data-element_type=\"widget\" data-e-type=\"widget\" data-widget_type=\"spacer.default\">\n\t\t\t\t<div class=\"elementor-widget-container\">\n\t\t\t\t\t\t\t<div class=\"elementor-spacer\">\n\t\t\t<div class=\"elementor-spacer-inner\"><\/div>\n\t\t<\/div>\n\t\t\t\t\t\t<\/div>\n\t\t\t\t<\/div>\n\t\t\t\t\t<\/div>\n\t\t<\/div>\n\t\t\t\t\t<\/div>\n\t\t<\/section>\n\t\t\t\t<\/div>","protected":false},"excerpt":{"rendered":"<p>Terms and Conditions Agreement By booking a session, you understand and accept these Terms &amp; Conditions. It\u2019s important that by having read this document, you can make an informed decision&hellip;<\/p>","protected":false},"author":1,"featured_media":0,"parent":0,"menu_order":0,"comment_status":"closed","ping_status":"closed","template":"","meta":{"footnotes":""},"class_list":["post-27069","page","type-page","status-publish","hentry"],"aioseo_notices":[],"_links":{"self":[{"href":"https:\/\/www.dominiquetardy.com\/fr\/wp-json\/wp\/v2\/pages\/27069","targetHints":{"allow":["GET"]}}],"collection":[{"href":"https:\/\/www.dominiquetardy.com\/fr\/wp-json\/wp\/v2\/pages"}],"about":[{"href":"https:\/\/www.dominiquetardy.com\/fr\/wp-json\/wp\/v2\/types\/page"}],"author":[{"embeddable":true,"href":"https:\/\/www.dominiquetardy.com\/fr\/wp-json\/wp\/v2\/users\/1"}],"replies":[{"embeddable":true,"href":"https:\/\/www.dominiquetardy.com\/fr\/wp-json\/wp\/v2\/comments?post=27069"}],"version-history":[{"count":113,"href":"https:\/\/www.dominiquetardy.com\/fr\/wp-json\/wp\/v2\/pages\/27069\/revisions"}],"predecessor-version":[{"id":27660,"href":"https:\/\/www.dominiquetardy.com\/fr\/wp-json\/wp\/v2\/pages\/27069\/revisions\/27660"}],"wp:attachment":[{"href":"https:\/\/www.dominiquetardy.com\/fr\/wp-json\/wp\/v2\/media?parent=27069"}],"curies":[{"name":"wp","href":"https:\/\/api.w.org\/{rel}","templated":true}]}}